{"id":62,"date":"2023-07-25T12:24:51","date_gmt":"2023-07-25T10:24:51","guid":{"rendered":"https:\/\/small-transduo.com.pl\/?page_id=62"},"modified":"2023-11-30T10:55:06","modified_gmt":"2023-11-30T09:55:06","slug":"spedycja","status":"publish","type":"page","link":"https:\/\/small-transduo.com.pl\/de\/spedycja\/","title":{"rendered":"Spedition"},"content":{"rendered":"<div data-elementor-type=\"wp-page\" data-elementor-id=\"62\" class=\"elementor elementor-62\" data-elementor-settings=\"{&quot;ha_cmc_init_switcher&quot;:&quot;no&quot;}\">\n\t\t\t\t<div class=\"elementor-element elementor-element-b5d94cf e-flex e-con-boxed e-con e-parent\" data-id=\"b5d94cf\" data-element_type=\"container\" data-settings=\"{&quot;background_background&quot;:&quot;classic&quot;,&quot;_ha_eqh_enable&quot;:false}\">\n\t\t\t\t\t<div class=\"e-con-inner\">\n\t\t\t\t<div class=\"elementor-element elementor-element-22ecb5b elementor-widget__width-auto ha-has-bg-overlay elementor-widget elementor-widget-heading\" data-id=\"22ecb5b\" data-element_type=\"widget\" data-widget_type=\"heading.default\">\n\t\t\t\t<div class=\"elementor-widget-container\">\n\t\t\t\t\t<h1 class=\"elementor-heading-title elementor-size-default\">Spedition<\/h1>\t\t\t\t<\/div>\n\t\t\t\t<\/div>\n\t\t\t\t\t<\/div>\n\t\t\t\t<\/div>\n\t\t<div class=\"elementor-element elementor-element-247c8041 e-flex e-con-boxed e-con e-parent\" data-id=\"247c8041\" data-element_type=\"container\" data-settings=\"{&quot;_ha_eqh_enable&quot;:false}\">\n\t\t\t\t\t<div class=\"e-con-inner\">\n\t\t<div class=\"elementor-element elementor-element-3cce28d1 e-flex e-con-boxed e-con e-parent\" data-id=\"3cce28d1\" data-element_type=\"container\" data-settings=\"{&quot;_ha_eqh_enable&quot;:false}\">\n\t\t\t\t\t<div class=\"e-con-inner\">\n\t\t\t\t<div class=\"elementor-element elementor-element-60eb7a4 elementor-widget__width-auto ha-has-bg-overlay elementor-widget elementor-widget-heading\" data-id=\"60eb7a4\" data-element_type=\"widget\" data-widget_type=\"heading.default\">\n\t\t\t\t<div class=\"elementor-widget-container\">\n\t\t\t\t\t<h3 class=\"elementor-heading-title elementor-size-default\">Nationale und internationale Spedition<\/h3>\t\t\t\t<\/div>\n\t\t\t\t<\/div>\n\t\t\t\t<div class=\"elementor-element elementor-element-22dd60e7 elementor-widget elementor-widget-text-editor\" data-id=\"22dd60e7\" data-element_type=\"widget\" data-widget_type=\"text-editor.default\">\n\t\t\t\t<div class=\"elementor-widget-container\">\n\t\t\t\t\t\t\t\t\t<div id=\"toptext\" class=\"et_pb_module et_pb_cta_1 et_hover_enabled et_pb_promo et_pb_text_align_left et_pb_bg_layout_light et_pb_no_bg\"><div class=\"et_pb_promo_description\"><div><p>Wir bieten unseren Kunden <strong>Transport- und Speditionsdienstleistungen in ganz Polen und Europa an<\/strong>. Am h\u00e4ufigsten f\u00fchren wir Bestellungen auf dem Gebiet von  Italien, Deutschland, Frankreich, Spanien, Belgien, den Niederlanden, \u00d6sterreich, Ungarn, Slowakei,  Tschechischer Republik und Schweiz aus.<\/p><p>\u00a0<\/p><p>Unsere Fahrer und Spediteure konzentrieren sich darauf, alle Kundenerwartungen zu erf\u00fcllen. Bei jedem Transport achten wir auf die Sicherheit der transportierten Ladung. W\u00e4hrend der Ausf\u00fchrung des Auftrags \u00fcberwachen wir unsere Kfz und Fahrer vollst\u00e4ndig.<\/p><p>\u00a0<\/p><p><strong>Wir verf\u00fcgen \u00fcber eine hohe OCP- und OCS-Versicherung<\/strong>, die f\u00fcr jeden Transport in Polen und Europa gilt.<\/p><p>\u00a0<\/p><p><strong>Alle Fahrzeuge der Firma Small-Trans Duo erf\u00fcllen die Abgasnorm EURO 6, die derzeit h\u00f6chste \u00f6kologische Norm.<\/strong> Wir verf\u00fcgen \u00fcber einen Fuhrpark mit einer Gesamtkapazit\u00e4t von 24 Tonnen (38 Europaletten).<\/p><p>\u00a0<\/p><p>Wir bieten Transport- und Speditionsdienstleistungen mit verschiedenen Fahrzeugtypen an und besch\u00e4ftigen uns auch mit dem Transport gef\u00e4hrlicher G\u00fcter (ADR). Unsere Spediteure bieten professionelle Beratung und Service im Bereich Logistik- und Transportl\u00f6sungen.<\/p><\/div><\/div><\/div>\t\t\t\t\t\t\t\t<\/div>\n\t\t\t\t<\/div>\n\t\t\t\t\t<\/div>\n\t\t\t\t<\/div>\n\t\t<div class=\"elementor-element elementor-element-6dcd8b69 e-flex e-con-boxed e-con e-parent\" data-id=\"6dcd8b69\" data-element_type=\"container\" data-settings=\"{&quot;_ha_eqh_enable&quot;:false}\">\n\t\t\t\t\t<div class=\"e-con-inner\">\n\t\t\t\t<div class=\"elementor-element elementor-element-65cde644 elementor-widget elementor-widget-image\" data-id=\"65cde644\" data-element_type=\"widget\" data-widget_type=\"image.default\">\n\t\t\t\t<div class=\"elementor-widget-container\">\n\t\t\t\t\t\t\t\t\t\t\t\t\t\t\t<img fetchpriority=\"high\" decoding=\"async\" width=\"700\" height=\"700\" src=\"https:\/\/small-transduo.com.pl\/wp-content\/uploads\/spedycja-img-1.webp\" class=\"attachment-large size-large wp-image-200\" alt=\"\" \/>\t\t\t\t\t\t\t\t\t\t\t\t\t\t\t<\/div>\n\t\t\t\t<\/div>\n\t\t\t\t\t<\/div>\n\t\t\t\t<\/div>\n\t\t\t\t\t<\/div>\n\t\t\t\t<\/div>\n\t\t<div class=\"elementor-element elementor-element-c493dce e-flex e-con-boxed e-con e-parent\" data-id=\"c493dce\" data-element_type=\"container\" data-settings=\"{&quot;background_background&quot;:&quot;classic&quot;,&quot;_ha_eqh_enable&quot;:false}\">\n\t\t\t\t\t<div class=\"e-con-inner\">\n\t\t\t\t<div class=\"elementor-element elementor-element-02e7e21 elementor-widget__width-auto ha-has-bg-overlay elementor-widget elementor-widget-heading\" data-id=\"02e7e21\" data-element_type=\"widget\" data-widget_type=\"heading.default\">\n\t\t\t\t<div class=\"elementor-widget-container\">\n\t\t\t\t\t<h3 class=\"elementor-heading-title elementor-size-default\">Ben\u00f6tigen Sie Hilfe?<\/h3>\t\t\t\t<\/div>\n\t\t\t\t<\/div>\n\t\t\t\t<div class=\"elementor-element elementor-element-d09a26d elementor-widget elementor-widget-text-editor\" data-id=\"d09a26d\" data-element_type=\"widget\" data-widget_type=\"text-editor.default\">\n\t\t\t\t<div class=\"elementor-widget-container\">\n\t\t\t\t\t\t\t\t\t<p>Haben Sie Fragen? Ben\u00f6tigen Sie ein schnelles Angebot? Kontaktieren Sie uns!<\/p>\t\t\t\t\t\t\t\t<\/div>\n\t\t\t\t<\/div>\n\t\t\t\t<div class=\"elementor-element elementor-element-c64b5ca elementor-widget elementor-widget-spacer\" data-id=\"c64b5ca\" data-element_type=\"widget\" data-widget_type=\"spacer.default\">\n\t\t\t\t<div class=\"elementor-widget-container\">\n\t\t\t\t\t\t\t<div class=\"elementor-spacer\">\n\t\t\t<div class=\"elementor-spacer-inner\"><\/div>\n\t\t<\/div>\n\t\t\t\t\t\t<\/div>\n\t\t\t\t<\/div>\n\t\t<div class=\"elementor-element elementor-element-a82ad21 e-flex e-con-boxed e-con e-parent\" data-id=\"a82ad21\" data-element_type=\"container\" data-settings=\"{&quot;_ha_eqh_enable&quot;:false}\">\n\t\t\t\t\t<div class=\"e-con-inner\">\n\t\t\t\t<div class=\"elementor-element elementor-element-3c647d3 elementor-widget__width-initial elementor-widget elementor-widget-premium-addon-modal-box\" data-id=\"3c647d3\" data-element_type=\"widget\" data-settings=\"{&quot;premium_modal_box_animation&quot;:&quot;rotateIn&quot;}\" data-widget_type=\"premium-addon-modal-box.default\">\n\t\t\t\t<div class=\"elementor-widget-container\">\n\t\t\t\t\t\r\n\t\t<div class=\"premium-modal-box-container\" data-settings=\"{&quot;trigger&quot;:&quot;button&quot;}\">\r\n\t\t\t<div class=\"premium-modal-trigger-container\">\r\n\t\t\t\t\t\t\t\t\t<button data-toggle=\"premium-modal\" data-target=\"#premium-modal-3c647d3\" type=\"button\" class=\"premium-modal-trigger-btn premium-btn-block premium-button-none\" data-text=\"Szybka wycena\">\r\n\r\n\t\t\t\t\t\t\r\n\t\t\t\t\t\t<div class=\"premium-button-text-icon-wrapper\">\r\n\t\t\t\t\t\t\t<span>Transport bewerten<\/span>\r\n\t\t\t\t\t\t<\/div>\r\n\r\n\t\t\t\t\t\t\r\n\t\t\t\t\t\t\r\n\t\t\t\t\t\t\r\n\t\t\t\t\t<\/button>\r\n\t\t\t\t\t\t\t<\/div>\r\n\r\n\t\t\t<div id=\"premium-modal-3c647d3\" class=\"premium-modal-box-modal\" role=\"dialog\" style=\"display: none\">\r\n\t\t\t\t<div class=\"premium-modal-box-modal-dialog\" data-delay-animation=\"\" data-modal-animation=\"rotateIn animated-fast\">\r\n\t\t\t\t\t\t\t\t\t\t\t<div class=\"premium-modal-box-modal-header\">\r\n\t\t\t\t\t\t\t\t\t\t\t\t\t\t\t\t\t\t\t\t\t\t<div class=\"premium-modal-box-close-button-container\">\r\n\t\t\t\t\t\t\t\t\t<button type=\"button\" class=\"premium-modal-box-modal-close\" data-dismiss=\"premium-modal\">&times;<\/button>\r\n\t\t\t\t\t\t\t\t<\/div>\r\n\t\t\t\t\t\t\t\t\t\t\t\t\t<\/div>\r\n\t\t\t\t\t\t\t\t\t\t<div class=\"premium-modal-box-modal-body\">\r\n\t\t\t\t\t\t<p>\t\t<div data-elementor-type=\"wp-post\" data-elementor-id=\"161\" class=\"elementor elementor-161\" data-elementor-settings=\"{&quot;ha_cmc_init_switcher&quot;:&quot;no&quot;}\">\n\t\t\t\t<div class=\"elementor-element elementor-element-3d2d0cd9 e-flex e-con-boxed e-con e-parent\" data-id=\"3d2d0cd9\" data-element_type=\"container\" data-settings=\"{&quot;background_background&quot;:&quot;classic&quot;,&quot;_ha_eqh_enable&quot;:false}\">\n\t\t\t\t\t<div class=\"e-con-inner\">\n\t\t<div class=\"elementor-element elementor-element-5fdda917 e-flex e-con-boxed e-con e-child\" data-id=\"5fdda917\" data-element_type=\"container\" data-settings=\"{&quot;_ha_eqh_enable&quot;:false}\">\n\t\t\t\t\t<div class=\"e-con-inner\">\n\t\t\t\t<div class=\"elementor-element elementor-element-7d7267fb elementor-widget__width-auto ha-has-bg-overlay elementor-widget elementor-widget-heading\" data-id=\"7d7267fb\" data-element_type=\"widget\" data-widget_type=\"heading.default\">\n\t\t\t\t<div class=\"elementor-widget-container\">\n\t\t\t\t\t<h3 class=\"elementor-heading-title elementor-size-default\">Transport bewerten<\/h3>\t\t\t\t<\/div>\n\t\t\t\t<\/div>\n\t\t\t\t\t<\/div>\n\t\t\t\t<\/div>\n\t\t<div class=\"elementor-element elementor-element-1b8b2cc9 e-flex e-con-boxed e-con e-child\" data-id=\"1b8b2cc9\" data-element_type=\"container\" data-settings=\"{&quot;_ha_eqh_enable&quot;:false}\">\n\t\t\t\t\t<div class=\"e-con-inner\">\n\t\t\t\t<div class=\"elementor-element elementor-element-16104772 eael-contact-form-7-button-align-center eael-contact-form-7-button-custom elementor-widget elementor-widget-eael-contact-form-7\" data-id=\"16104772\" data-element_type=\"widget\" data-widget_type=\"eael-contact-form-7.default\">\n\t\t\t\t<div class=\"elementor-widget-container\">\n\t\t\t\t\t<div class=\"eael-contact-form-7-wrapper\">\n                <div class=\"eael-contact-form eael-contact-form-7 eael-contact-form-16104772 placeholder-show eael-contact-form-align-default\">\n<div class=\"wpcf7 no-js\" id=\"wpcf7-f122-o1\" lang=\"pl-PL\" dir=\"ltr\" data-wpcf7-id=\"122\">\n<div class=\"screen-reader-response\"><p role=\"status\" aria-live=\"polite\" aria-atomic=\"true\"><\/p> <ul><\/ul><\/div>\n<form action=\"\/de\/wp-json\/wp\/v2\/pages\/62#wpcf7-f122-o1\" method=\"post\" class=\"wpcf7-form init\" aria-label=\"Kontaktformular\" novalidate=\"novalidate\" data-status=\"init\" data-trp-original-action=\"\/de\/wp-json\/wp\/v2\/pages\/62#wpcf7-f122-o1\">\n<div style=\"display: none;\">\n<input type=\"hidden\" name=\"_wpcf7\" value=\"122\" \/>\n<input type=\"hidden\" name=\"_wpcf7_version\" value=\"6.0.3\" \/>\n<input type=\"hidden\" name=\"_wpcf7_locale\" value=\"pl_PL\" \/>\n<input type=\"hidden\" name=\"_wpcf7_unit_tag\" value=\"wpcf7-f122-o1\" \/>\n<input type=\"hidden\" name=\"_wpcf7_container_post\" value=\"0\" \/>\n<input type=\"hidden\" name=\"_wpcf7_posted_data_hash\" value=\"\" \/>\n<input type=\"hidden\" name=\"_wpcf7_recaptcha_response\" value=\"\" \/>\n<\/div>\n<div class=\"uacf7-form-122\"><div class=\"uacf7-row\">\n\n<div class=\"uacf7-col-6\"> \n      <label> Ihre Vor- und Nachname* <span class=\"wpcf7-form-control-wrap\" data-name=\"your-name\"><input size=\"40\" maxlength=\"400\" class=\"wpcf7-form-control wpcf7-text wpcf7-validates-as-required\" autocomplete=\"name\" aria-required=\"true\" aria-invalid=\"false\" value=\"\" type=\"text\" name=\"your-name\" \/><\/span> <\/label>\n<\/div>\n\n<div class=\"uacf7-col-6\">\n      <label> Ihre E-Mail-Adresse* <span class=\"wpcf7-form-control-wrap\" data-name=\"your-email\"><input size=\"40\" maxlength=\"400\" class=\"wpcf7-form-control wpcf7-email wpcf7-validates-as-required wpcf7-text wpcf7-validates-as-email\" autocomplete=\"email\" aria-required=\"true\" aria-invalid=\"false\" value=\"\" type=\"email\" name=\"your-email\" \/><\/span> <\/label>\n<\/div>\n\n<\/div>\n\n<div class=\"uacf7-row\">\n\n<div class=\"uacf7-col-6\"> \n      <label> Datum der Beladung*: <span class=\"wpcf7-form-control-wrap\" data-name=\"data-zal\"><input class=\"wpcf7-form-control wpcf7-date wpcf7-validates-as-required wpcf7-validates-as-date\" aria-required=\"true\" aria-invalid=\"false\" value=\"\" type=\"date\" name=\"data-zal\" \/><\/span> <\/label> \n      <label> Ort der Beladung*:  <span class=\"wpcf7-form-control-wrap\" data-name=\"miejsce-zal\"><input size=\"40\" maxlength=\"400\" class=\"wpcf7-form-control wpcf7-text wpcf7-validates-as-required\" aria-required=\"true\" aria-invalid=\"false\" value=\"\" type=\"text\" name=\"miejsce-zal\" \/><\/span> <\/label>\n      <label> Ladungsgewicht [kg]*:  <span class=\"wpcf7-form-control-wrap\" data-name=\"waga-lad\"><input class=\"wpcf7-form-control wpcf7-number wpcf7-validates-as-required wpcf7-validates-as-number\" min=\"0\" max=\"99999\" aria-required=\"true\" aria-invalid=\"false\" value=\"\" type=\"number\" name=\"waga-lad\" \/><\/span><\/label>\n      <label> Ladungsbreite [cm]*:  <span class=\"wpcf7-form-control-wrap\" data-name=\"szer-lad\"><input class=\"wpcf7-form-control wpcf7-number wpcf7-validates-as-required wpcf7-validates-as-number\" min=\"0\" max=\"99999\" aria-required=\"true\" aria-invalid=\"false\" value=\"\" type=\"number\" name=\"szer-lad\" \/><\/span><\/label>\n      <label> Anzahl der Paletten*:  <span class=\"wpcf7-form-control-wrap\" data-name=\"ilosc-palet\"><input class=\"wpcf7-form-control wpcf7-number wpcf7-validates-as-required wpcf7-validates-as-number\" min=\"0\" max=\"999\" aria-required=\"true\" aria-invalid=\"false\" value=\"\" type=\"number\" name=\"ilosc-palet\" \/><\/span><\/label>\n<\/div>\n\n<div class=\"uacf7-col-6\">\n      <label> Datum der Entladung*: <span class=\"wpcf7-form-control-wrap\" data-name=\"data-roz\"><input class=\"wpcf7-form-control wpcf7-date wpcf7-validates-as-required wpcf7-validates-as-date\" aria-required=\"true\" aria-invalid=\"false\" value=\"\" type=\"date\" name=\"data-roz\" \/><\/span> <\/label> \n      <label> Ort der Entladung*:  <span class=\"wpcf7-form-control-wrap\" data-name=\"miejsce-roz\"><input size=\"40\" maxlength=\"400\" class=\"wpcf7-form-control wpcf7-text wpcf7-validates-as-required\" aria-required=\"true\" aria-invalid=\"false\" value=\"\" type=\"text\" name=\"miejsce-roz\" \/><\/span> <\/label>\n      <label> Ladungsl\u00e4nge [cm]*:  <span class=\"wpcf7-form-control-wrap\" data-name=\"dlugosc-lad\"><input class=\"wpcf7-form-control wpcf7-number wpcf7-validates-as-required wpcf7-validates-as-number\" min=\"0\" max=\"99999\" aria-required=\"true\" aria-invalid=\"false\" value=\"\" type=\"number\" name=\"dlugosc-lad\" \/><\/span><\/label>\n      <label> Ladungsh\u00f6he [cm]*:  <span class=\"wpcf7-form-control-wrap\" data-name=\"wysokosc-lad\"><input class=\"wpcf7-form-control wpcf7-number wpcf7-validates-as-required wpcf7-validates-as-number\" min=\"0\" max=\"99999\" aria-required=\"true\" aria-invalid=\"false\" value=\"\" type=\"number\" name=\"wysokosc-lad\" \/><\/span><\/label>\n      <label> Palettenabmessung*:  <span class=\"wpcf7-form-control-wrap\" data-name=\"wymiar-palet\"><select class=\"wpcf7-form-control wpcf7-select wpcf7-validates-as-required\" aria-required=\"true\" aria-invalid=\"false\" name=\"wymiar-palet\"><option value=\"120x80 (Euro paleta)\">120&#215;80 (Euro paleta)<\/option><option value=\"120x120\">120&#215;120<\/option><option value=\"120x100 (Przemys\u0142owa)\">120&#215;100 (Przemys\u0142owa)<\/option><option value=\"100x100\">100&#215;100<\/option><option value=\"240x120\">240&#215;120<\/option><\/select><\/span><\/label>\n<\/div>\n\n<\/div>\n\n\n\n<div class=\"uacf7-row\">\n\n<div class=\"uacf7-col-12\"> \n      <label> Art der Ladung*: <span class=\"wpcf7-form-control-wrap\" data-name=\"rodzaj\"><textarea cols=\"40\" rows=\"10\" maxlength=\"2000\" class=\"wpcf7-form-control wpcf7-textarea wpcf7-validates-as-required\" aria-required=\"true\" aria-invalid=\"false\" name=\"rodzaj\"><\/textarea><\/span> <\/label>\n<\/div>\n\n<\/div>\n\n<div class=\"uacf7-row\">\n\n<span class=\"wpcf7-form-control-wrap\" data-name=\"acceptance\"><span class=\"wpcf7-form-control wpcf7-acceptance\"><span class=\"wpcf7-list-item\"><label><input type=\"checkbox\" name=\"acceptance\" value=\"1\" aria-invalid=\"false\" \/><span class=\"wpcf7-list-item-label\"><div id=\"kontener-klauzula-info\"><\/div><\/span><\/label><\/span><\/span><\/span>\n\n<\/div>\n\n<input class=\"wpcf7-form-control wpcf7-submit has-spinner\" type=\"submit\" value=\"Senden\" \/><\/div><div class=\"wpcf7-response-output\" aria-hidden=\"true\"><\/div>\n<input type=\"hidden\" name=\"trp-form-language\" value=\"de\"\/><\/form>\n<\/div>\n<\/div>\n            <\/div>\t\t\t\t<\/div>\n\t\t\t\t<\/div>\n\t\t\t\t\t<\/div>\n\t\t\t\t<\/div>\n\t\t\t\t\t<\/div>\n\t\t\t\t<\/div>\n\t\t\t\t<\/div>\n\t\t<\/p>\t\t\t\t\t<\/div>\r\n\t\t\t\t\t\t\t\t\t<\/div>\r\n\t\t\t<\/div>\r\n\t\t<\/div>\r\n\r\n\t\t\t\t\t\t<\/div>\n\t\t\t\t<\/div>\n\t\t\t\t<div class=\"elementor-element elementor-element-fcd7bc2 elementor-align-justify elementor-widget__width-initial elementor-widget elementor-widget-button\" data-id=\"fcd7bc2\" data-element_type=\"widget\" data-widget_type=\"button.default\">\n\t\t\t\t<div class=\"elementor-widget-container\">\n\t\t\t\t\t\t\t\t\t<div class=\"elementor-button-wrapper\">\n\t\t\t\t\t<a class=\"elementor-button elementor-button-link elementor-size-sm\" href=\"https:\/\/small-transduo.com.pl\/de\/kontakt\/\">\n\t\t\t\t\t\t<span class=\"elementor-button-content-wrapper\">\n\t\t\t\t\t\t\t\t\t<span class=\"elementor-button-text\">Kontakt<\/span>\n\t\t\t\t\t<\/span>\n\t\t\t\t\t<\/a>\n\t\t\t\t<\/div>\n\t\t\t\t\t\t\t\t<\/div>\n\t\t\t\t<\/div>\n\t\t\t\t\t<\/div>\n\t\t\t\t<\/div>\n\t\t\t\t\t<\/div>\n\t\t\t\t<\/div>\n\t\t\t\t<\/div>","protected":false},"excerpt":{"rendered":"<p>Spedycja Spedycja krajowa i mi\u0119dzynarodowa Naszym klientom oferujemy us\u0142ugi transportowe i spedycyjne na terenie ca\u0142ej Polski oraz Europy. Najcz\u0119\u015bciej realizujemy zam\u00f3wienia na terenie: W\u0142och, Niemiec, Francji, Hiszpanii, Belgii, Holandii, Austrii, W\u0119gier, S\u0142owacji, Czech oraz Szwajcarii. \u00a0 Nasi kierowcy i spedytorzy s\u0105 nastawieni na spe\u0142nienie wszystkich oczekiwa\u0144 klienta. W trakcie ka\u017cdego transportu dbamy o bezpiecze\u0144stwo przewo\u017conego [&hellip;]<\/p>","protected":false},"author":4,"featured_media":0,"parent":0,"menu_order":0,"comment_status":"closed","ping_status":"closed","template":"","meta":{"footnotes":""},"class_list":["post-62","page","type-page","status-publish","hentry"],"yoast_head":"<!-- This site is optimized with the Yoast SEO plugin v26.2 - https:\/\/yoast.com\/wordpress\/plugins\/seo\/ -->\n<title>Spedycja - SMALL-TRANS DUO | Transport i spedycja mi\u0119dzynarodowa<\/title>\n<meta name=\"description\" content=\"Transport i spedycja na terenie Polski, W\u0142och, Niemiec, Francji, Hiszpanii, Belgii, Holandii, Austrii, W\u0119gier, S\u0142owacji, Czech, Szwajcarii\" \/>\n<meta name=\"robots\" content=\"index, follow, max-snippet:-1, max-image-preview:large, max-video-preview:-1\" \/>\n<link rel=\"canonical\" href=\"https:\/\/small-transduo.com.pl\/de\/spedycja\/\" \/>\n<meta property=\"og:locale\" content=\"de_DE\" \/>\n<meta property=\"og:type\" content=\"article\" \/>\n<meta property=\"og:title\" content=\"Spedycja - SMALL-TRANS DUO | Transport i spedycja mi\u0119dzynarodowa\" \/>\n<meta property=\"og:description\" content=\"Transport i spedycja na terenie Polski, W\u0142och, Niemiec, Francji, Hiszpanii, Belgii, Holandii, Austrii, W\u0119gier, S\u0142owacji, Czech, Szwajcarii\" \/>\n<meta property=\"og:url\" content=\"https:\/\/small-transduo.com.pl\/de\/spedycja\/\" \/>\n<meta property=\"og:site_name\" content=\"SMALL-TRANS DUO | Transport i spedycja mi\u0119dzynarodowa\" \/>\n<meta property=\"article:modified_time\" content=\"2023-11-30T09:55:06+00:00\" \/>\n<meta property=\"og:image\" content=\"http:\/\/small-transduo.com.pl\/wp-content\/uploads\/spedycja-img-1.webp\" \/>\n<meta name=\"twitter:card\" content=\"summary_large_image\" \/>\n<meta name=\"twitter:label1\" content=\"Gesch\u00e4tzte Lesezeit\" \/>\n\t<meta name=\"twitter:data1\" content=\"2\u00a0Minuten\" \/>\n<script type=\"application\/ld+json\" class=\"yoast-schema-graph\">{\"@context\":\"https:\/\/schema.org\",\"@graph\":[{\"@type\":\"WebPage\",\"@id\":\"https:\/\/small-transduo.com.pl\/spedycja\/\",\"url\":\"https:\/\/small-transduo.com.pl\/spedycja\/\",\"name\":\"Spedycja - SMALL-TRANS DUO | Transport i spedycja mi\u0119dzynarodowa\",\"isPartOf\":{\"@id\":\"https:\/\/small-transduo.com.pl\/#website\"},\"primaryImageOfPage\":{\"@id\":\"https:\/\/small-transduo.com.pl\/spedycja\/#primaryimage\"},\"image\":{\"@id\":\"https:\/\/small-transduo.com.pl\/spedycja\/#primaryimage\"},\"thumbnailUrl\":\"http:\/\/small-transduo.com.pl\/wp-content\/uploads\/spedycja-img-1.webp\",\"datePublished\":\"2023-07-25T10:24:51+00:00\",\"dateModified\":\"2023-11-30T09:55:06+00:00\",\"description\":\"Transport i spedycja na terenie Polski, W\u0142och, Niemiec, Francji, Hiszpanii, Belgii, Holandii, Austrii, W\u0119gier, S\u0142owacji, Czech, Szwajcarii\",\"breadcrumb\":{\"@id\":\"https:\/\/small-transduo.com.pl\/spedycja\/#breadcrumb\"},\"inLanguage\":\"de\",\"potentialAction\":[{\"@type\":\"ReadAction\",\"target\":[\"https:\/\/small-transduo.com.pl\/spedycja\/\"]}]},{\"@type\":\"ImageObject\",\"inLanguage\":\"de\",\"@id\":\"https:\/\/small-transduo.com.pl\/spedycja\/#primaryimage\",\"url\":\"http:\/\/small-transduo.com.pl\/wp-content\/uploads\/spedycja-img-1.webp\",\"contentUrl\":\"http:\/\/small-transduo.com.pl\/wp-content\/uploads\/spedycja-img-1.webp\"},{\"@type\":\"BreadcrumbList\",\"@id\":\"https:\/\/small-transduo.com.pl\/spedycja\/#breadcrumb\",\"itemListElement\":[{\"@type\":\"ListItem\",\"position\":1,\"name\":\"Strona g\u0142\u00f3wna\",\"item\":\"https:\/\/small-transduo.com.pl\/\"},{\"@type\":\"ListItem\",\"position\":2,\"name\":\"Spedycja\"}]},{\"@type\":\"WebSite\",\"@id\":\"https:\/\/small-transduo.com.pl\/#website\",\"url\":\"https:\/\/small-transduo.com.pl\/\",\"name\":\"SMALL-TRANS DUO | Transport i spedycja mi\u0119dzynarodowa\",\"description\":\"\",\"potentialAction\":[{\"@type\":\"SearchAction\",\"target\":{\"@type\":\"EntryPoint\",\"urlTemplate\":\"https:\/\/small-transduo.com.pl\/?s={search_term_string}\"},\"query-input\":{\"@type\":\"PropertyValueSpecification\",\"valueRequired\":true,\"valueName\":\"search_term_string\"}}],\"inLanguage\":\"de\"}]}<\/script>\n<!-- \/ Yoast SEO plugin. -->","yoast_head_json":{"title":"Spedycja - SMALL-TRANS DUO | Transport i spedycja mi\u0119dzynarodowa","description":"Transport i spedycja na terenie Polski, W\u0142och, Niemiec, Francji, Hiszpanii, Belgii, Holandii, Austrii, W\u0119gier, S\u0142owacji, Czech, Szwajcarii","robots":{"index":"index","follow":"follow","max-snippet":"max-snippet:-1","max-image-preview":"max-image-preview:large","max-video-preview":"max-video-preview:-1"},"canonical":"https:\/\/small-transduo.com.pl\/de\/spedycja\/","og_locale":"de_DE","og_type":"article","og_title":"Spedycja - SMALL-TRANS DUO | Transport i spedycja mi\u0119dzynarodowa","og_description":"Transport i spedycja na terenie Polski, W\u0142och, Niemiec, Francji, Hiszpanii, Belgii, Holandii, Austrii, W\u0119gier, S\u0142owacji, Czech, Szwajcarii","og_url":"https:\/\/small-transduo.com.pl\/de\/spedycja\/","og_site_name":"SMALL-TRANS DUO | Transport i spedycja mi\u0119dzynarodowa","article_modified_time":"2023-11-30T09:55:06+00:00","og_image":[{"url":"http:\/\/small-transduo.com.pl\/wp-content\/uploads\/spedycja-img-1.webp","type":"","width":"","height":""}],"twitter_card":"summary_large_image","twitter_misc":{"Gesch\u00e4tzte Lesezeit":"2\u00a0Minuten"},"schema":{"@context":"https:\/\/schema.org","@graph":[{"@type":"WebPage","@id":"https:\/\/small-transduo.com.pl\/spedycja\/","url":"https:\/\/small-transduo.com.pl\/spedycja\/","name":"Spedycja - SMALL-TRANS DUO | Transport i spedycja mi\u0119dzynarodowa","isPartOf":{"@id":"https:\/\/small-transduo.com.pl\/#website"},"primaryImageOfPage":{"@id":"https:\/\/small-transduo.com.pl\/spedycja\/#primaryimage"},"image":{"@id":"https:\/\/small-transduo.com.pl\/spedycja\/#primaryimage"},"thumbnailUrl":"http:\/\/small-transduo.com.pl\/wp-content\/uploads\/spedycja-img-1.webp","datePublished":"2023-07-25T10:24:51+00:00","dateModified":"2023-11-30T09:55:06+00:00","description":"Transport i spedycja na terenie Polski, W\u0142och, Niemiec, Francji, Hiszpanii, Belgii, Holandii, Austrii, W\u0119gier, S\u0142owacji, Czech, Szwajcarii","breadcrumb":{"@id":"https:\/\/small-transduo.com.pl\/spedycja\/#breadcrumb"},"inLanguage":"de","potentialAction":[{"@type":"ReadAction","target":["https:\/\/small-transduo.com.pl\/spedycja\/"]}]},{"@type":"ImageObject","inLanguage":"de","@id":"https:\/\/small-transduo.com.pl\/spedycja\/#primaryimage","url":"http:\/\/small-transduo.com.pl\/wp-content\/uploads\/spedycja-img-1.webp","contentUrl":"http:\/\/small-transduo.com.pl\/wp-content\/uploads\/spedycja-img-1.webp"},{"@type":"BreadcrumbList","@id":"https:\/\/small-transduo.com.pl\/spedycja\/#breadcrumb","itemListElement":[{"@type":"ListItem","position":1,"name":"Strona g\u0142\u00f3wna","item":"https:\/\/small-transduo.com.pl\/"},{"@type":"ListItem","position":2,"name":"Spedycja"}]},{"@type":"WebSite","@id":"https:\/\/small-transduo.com.pl\/#website","url":"https:\/\/small-transduo.com.pl\/","name":"SMALL-TRANS DUO | Transport i spedycja mi\u0119dzynarodowa","description":"","potentialAction":[{"@type":"SearchAction","target":{"@type":"EntryPoint","urlTemplate":"https:\/\/small-transduo.com.pl\/?s={search_term_string}"},"query-input":{"@type":"PropertyValueSpecification","valueRequired":true,"valueName":"search_term_string"}}],"inLanguage":"de"}]}},"_links":{"self":[{"href":"https:\/\/small-transduo.com.pl\/de\/wp-json\/wp\/v2\/pages\/62","targetHints":{"allow":["GET"]}}],"collection":[{"href":"https:\/\/small-transduo.com.pl\/de\/wp-json\/wp\/v2\/pages"}],"about":[{"href":"https:\/\/small-transduo.com.pl\/de\/wp-json\/wp\/v2\/types\/page"}],"author":[{"embeddable":true,"href":"https:\/\/small-transduo.com.pl\/de\/wp-json\/wp\/v2\/users\/4"}],"replies":[{"embeddable":true,"href":"https:\/\/small-transduo.com.pl\/de\/wp-json\/wp\/v2\/comments?post=62"}],"version-history":[{"count":10,"href":"https:\/\/small-transduo.com.pl\/de\/wp-json\/wp\/v2\/pages\/62\/revisions"}],"predecessor-version":[{"id":465,"href":"https:\/\/small-transduo.com.pl\/de\/wp-json\/wp\/v2\/pages\/62\/revisions\/465"}],"wp:attachment":[{"href":"https:\/\/small-transduo.com.pl\/de\/wp-json\/wp\/v2\/media?parent=62"}],"curies":[{"name":"wp","href":"https:\/\/api.w.org\/{rel}","templated":true}]}}