{"id":60,"date":"2023-07-25T12:24:40","date_gmt":"2023-07-25T10:24:40","guid":{"rendered":"https:\/\/small-transduo.com.pl\/?page_id=60"},"modified":"2023-09-25T10:36:00","modified_gmt":"2023-09-25T08:36:00","slug":"polityka-prywatnosci","status":"publish","type":"page","link":"https:\/\/small-transduo.com.pl\/it\/polityka-prywatnosci\/","title":{"rendered":"Politica sulla riservatezza"},"content":{"rendered":"<div data-elementor-type=\"wp-page\" data-elementor-id=\"60\" class=\"elementor elementor-60\" data-elementor-settings=\"{&quot;ha_cmc_init_switcher&quot;:&quot;no&quot;}\">\n\t\t\t\t<div class=\"elementor-element elementor-element-8204dc3 e-flex e-con-boxed e-con e-parent\" data-id=\"8204dc3\" data-element_type=\"container\" data-settings=\"{&quot;background_background&quot;:&quot;classic&quot;,&quot;_ha_eqh_enable&quot;:false}\">\n\t\t\t\t\t<div class=\"e-con-inner\">\n\t\t\t\t<div class=\"elementor-element elementor-element-3d6a055 elementor-widget__width-auto ha-has-bg-overlay elementor-widget elementor-widget-heading\" data-id=\"3d6a055\" data-element_type=\"widget\" data-widget_type=\"heading.default\">\n\t\t\t\t<div class=\"elementor-widget-container\">\n\t\t\t\t\t<h1 class=\"elementor-heading-title elementor-size-default\">Politica sulla riservatezza<\/h1>\t\t\t\t<\/div>\n\t\t\t\t<\/div>\n\t\t\t\t\t<\/div>\n\t\t\t\t<\/div>\n\t\t<div class=\"elementor-element elementor-element-33bf4af e-flex e-con-boxed e-con e-parent\" data-id=\"33bf4af\" data-element_type=\"container\" data-settings=\"{&quot;_ha_eqh_enable&quot;:false}\">\n\t\t\t\t\t<div class=\"e-con-inner\">\n\t\t\t\t<div class=\"elementor-element elementor-element-cf41996 elementor-widget elementor-widget-html\" data-id=\"cf41996\" data-element_type=\"widget\" data-widget_type=\"html.default\">\n\t\t\t\t<div class=\"elementor-widget-container\">\n\t\t\t\t\t<div id=\"kontener-polityka\"><\/div>\t\t\t\t<\/div>\n\t\t\t\t<\/div>\n\t\t\t\t\t<\/div>\n\t\t\t\t<\/div>\n\t\t\t\t<\/div>","protected":false},"excerpt":{"rendered":"<p>Politica sulla riservatezza<\/p>","protected":false},"author":4,"featured_media":0,"parent":0,"menu_order":0,"comment_status":"closed","ping_status":"closed","template":"","meta":{"footnotes":""},"class_list":["post-60","page","type-page","status-publish","hentry"],"yoast_head":"<!-- This site is optimized with the Yoast SEO plugin v26.2 - https:\/\/yoast.com\/wordpress\/plugins\/seo\/ -->\n<title>Polityka prywatno\u015bci - SMALL-TRANS DUO | Transport i spedycja mi\u0119dzynarodowa<\/title>\n<meta name=\"robots\" content=\"index, follow, max-snippet:-1, max-image-preview:large, max-video-preview:-1\" \/>\n<link rel=\"canonical\" href=\"https:\/\/small-transduo.com.pl\/it\/polityka-prywatnosci\/\" \/>\n<meta property=\"og:locale\" content=\"it_IT\" \/>\n<meta property=\"og:type\" content=\"article\" \/>\n<meta property=\"og:title\" content=\"Polityka prywatno\u015bci - SMALL-TRANS DUO | Transport i spedycja mi\u0119dzynarodowa\" \/>\n<meta property=\"og:description\" content=\"Polityka prywatno\u015bci\" \/>\n<meta property=\"og:url\" content=\"https:\/\/small-transduo.com.pl\/it\/polityka-prywatnosci\/\" \/>\n<meta property=\"og:site_name\" content=\"SMALL-TRANS DUO | Transport i spedycja mi\u0119dzynarodowa\" \/>\n<meta property=\"article:modified_time\" content=\"2023-09-25T08:36:00+00:00\" \/>\n<meta name=\"twitter:card\" content=\"summary_large_image\" \/>\n<script type=\"application\/ld+json\" class=\"yoast-schema-graph\">{\"@context\":\"https:\/\/schema.org\",\"@graph\":[{\"@type\":\"WebPage\",\"@id\":\"https:\/\/small-transduo.com.pl\/polityka-prywatnosci\/\",\"url\":\"https:\/\/small-transduo.com.pl\/polityka-prywatnosci\/\",\"name\":\"Polityka prywatno\u015bci - SMALL-TRANS DUO | Transport i spedycja mi\u0119dzynarodowa\",\"isPartOf\":{\"@id\":\"https:\/\/small-transduo.com.pl\/#website\"},\"datePublished\":\"2023-07-25T10:24:40+00:00\",\"dateModified\":\"2023-09-25T08:36:00+00:00\",\"breadcrumb\":{\"@id\":\"https:\/\/small-transduo.com.pl\/polityka-prywatnosci\/#breadcrumb\"},\"inLanguage\":\"it-IT\",\"potentialAction\":[{\"@type\":\"ReadAction\",\"target\":[\"https:\/\/small-transduo.com.pl\/polityka-prywatnosci\/\"]}]},{\"@type\":\"BreadcrumbList\",\"@id\":\"https:\/\/small-transduo.com.pl\/polityka-prywatnosci\/#breadcrumb\",\"itemListElement\":[{\"@type\":\"ListItem\",\"position\":1,\"name\":\"Strona g\u0142\u00f3wna\",\"item\":\"https:\/\/small-transduo.com.pl\/\"},{\"@type\":\"ListItem\",\"position\":2,\"name\":\"Polityka prywatno\u015bci\"}]},{\"@type\":\"WebSite\",\"@id\":\"https:\/\/small-transduo.com.pl\/#website\",\"url\":\"https:\/\/small-transduo.com.pl\/\",\"name\":\"SMALL-TRANS DUO | Transport i spedycja mi\u0119dzynarodowa\",\"description\":\"\",\"potentialAction\":[{\"@type\":\"SearchAction\",\"target\":{\"@type\":\"EntryPoint\",\"urlTemplate\":\"https:\/\/small-transduo.com.pl\/?s={search_term_string}\"},\"query-input\":{\"@type\":\"PropertyValueSpecification\",\"valueRequired\":true,\"valueName\":\"search_term_string\"}}],\"inLanguage\":\"it-IT\"}]}<\/script>\n<!-- \/ Yoast SEO plugin. -->","yoast_head_json":{"title":"Polityka prywatno\u015bci - SMALL-TRANS DUO | Transport i spedycja mi\u0119dzynarodowa","robots":{"index":"index","follow":"follow","max-snippet":"max-snippet:-1","max-image-preview":"max-image-preview:large","max-video-preview":"max-video-preview:-1"},"canonical":"https:\/\/small-transduo.com.pl\/it\/polityka-prywatnosci\/","og_locale":"it_IT","og_type":"article","og_title":"Polityka prywatno\u015bci - SMALL-TRANS DUO | Transport i spedycja mi\u0119dzynarodowa","og_description":"Polityka prywatno\u015bci","og_url":"https:\/\/small-transduo.com.pl\/it\/polityka-prywatnosci\/","og_site_name":"SMALL-TRANS DUO | Transport i spedycja mi\u0119dzynarodowa","article_modified_time":"2023-09-25T08:36:00+00:00","twitter_card":"summary_large_image","schema":{"@context":"https:\/\/schema.org","@graph":[{"@type":"WebPage","@id":"https:\/\/small-transduo.com.pl\/polityka-prywatnosci\/","url":"https:\/\/small-transduo.com.pl\/polityka-prywatnosci\/","name":"Polityka prywatno\u015bci - SMALL-TRANS DUO | Transport i spedycja mi\u0119dzynarodowa","isPartOf":{"@id":"https:\/\/small-transduo.com.pl\/#website"},"datePublished":"2023-07-25T10:24:40+00:00","dateModified":"2023-09-25T08:36:00+00:00","breadcrumb":{"@id":"https:\/\/small-transduo.com.pl\/polityka-prywatnosci\/#breadcrumb"},"inLanguage":"it-IT","potentialAction":[{"@type":"ReadAction","target":["https:\/\/small-transduo.com.pl\/polityka-prywatnosci\/"]}]},{"@type":"BreadcrumbList","@id":"https:\/\/small-transduo.com.pl\/polityka-prywatnosci\/#breadcrumb","itemListElement":[{"@type":"ListItem","position":1,"name":"Strona g\u0142\u00f3wna","item":"https:\/\/small-transduo.com.pl\/"},{"@type":"ListItem","position":2,"name":"Polityka prywatno\u015bci"}]},{"@type":"WebSite","@id":"https:\/\/small-transduo.com.pl\/#website","url":"https:\/\/small-transduo.com.pl\/","name":"SMALL-TRANS DUO | Transport i spedycja mi\u0119dzynarodowa","description":"","potentialAction":[{"@type":"SearchAction","target":{"@type":"EntryPoint","urlTemplate":"https:\/\/small-transduo.com.pl\/?s={search_term_string}"},"query-input":{"@type":"PropertyValueSpecification","valueRequired":true,"valueName":"search_term_string"}}],"inLanguage":"it-IT"}]}},"_links":{"self":[{"href":"https:\/\/small-transduo.com.pl\/it\/wp-json\/wp\/v2\/pages\/60","targetHints":{"allow":["GET"]}}],"collection":[{"href":"https:\/\/small-transduo.com.pl\/it\/wp-json\/wp\/v2\/pages"}],"about":[{"href":"https:\/\/small-transduo.com.pl\/it\/wp-json\/wp\/v2\/types\/page"}],"author":[{"embeddable":true,"href":"https:\/\/small-transduo.com.pl\/it\/wp-json\/wp\/v2\/users\/4"}],"replies":[{"embeddable":true,"href":"https:\/\/small-transduo.com.pl\/it\/wp-json\/wp\/v2\/comments?post=60"}],"version-history":[{"count":10,"href":"https:\/\/small-transduo.com.pl\/it\/wp-json\/wp\/v2\/pages\/60\/revisions"}],"predecessor-version":[{"id":587,"href":"https:\/\/small-transduo.com.pl\/it\/wp-json\/wp\/v2\/pages\/60\/revisions\/587"}],"wp:attachment":[{"href":"https:\/\/small-transduo.com.pl\/it\/wp-json\/wp\/v2\/media?parent=60"}],"curies":[{"name":"wp","href":"https:\/\/api.w.org\/{rel}","templated":true}]}}